{"id":5041,"date":"2024-05-08T13:51:16","date_gmt":"2024-05-08T13:51:16","guid":{"rendered":"https:\/\/loveforlife.eco\/about\/"},"modified":"2025-08-26T10:26:30","modified_gmt":"2025-08-26T10:26:30","slug":"ueber-uns","status":"publish","type":"page","link":"https:\/\/loveforlife.eco\/de\/ueber-uns\/","title":{"rendered":"\u00dcber uns"},"content":{"rendered":"","protected":false},"excerpt":{"rendered":"","protected":false},"author":1,"featured_media":1444,"parent":0,"menu_order":0,"comment_status":"closed","ping_status":"closed","template":"tp-master.php","meta":{"_acf_changed":false,"footnotes":""},"class_list":["post-5041","page","type-page","status-publish","has-post-thumbnail","hentry"],"acf":[],"yoast_head":"<!-- This site is optimized with the Yoast SEO plugin v27.3 - https:\/\/yoast.com\/product\/yoast-seo-wordpress\/ -->\n<title>\u00dcber uns - Love For Life<\/title>\n<meta name=\"description\" content=\"Love For Life ist eine unabh\u00e4ngige, gemeinn\u00fctzige Organisation, die Menschen erm\u00e4chtigt und die Natur sch\u00fctzt, f\u00fcr einen bewussten, regenerativen Wandel.\" \/>\n<meta name=\"robots\" content=\"index, follow, max-snippet:-1, max-image-preview:large, max-video-preview:-1\" \/>\n<link rel=\"canonical\" href=\"https:\/\/loveforlife.eco\/de\/ueber-uns\/\" \/>\n<meta property=\"og:locale\" content=\"de_DE\" \/>\n<meta property=\"og:type\" content=\"article\" \/>\n<meta property=\"og:title\" content=\"\u00dcber uns - Love For Life\" \/>\n<meta property=\"og:description\" content=\"Love For Life ist eine unabh\u00e4ngige, gemeinn\u00fctzige Organisation, die Menschen erm\u00e4chtigt und die Natur sch\u00fctzt, f\u00fcr einen bewussten, regenerativen Wandel.\" \/>\n<meta property=\"og:url\" content=\"https:\/\/loveforlife.eco\/de\/ueber-uns\/\" \/>\n<meta property=\"og:site_name\" content=\"Love For Life\" \/>\n<meta property=\"article:modified_time\" content=\"2025-08-26T10:26:30+00:00\" \/>\n<meta property=\"og:image\" content=\"https:\/\/loveforlife.eco\/app\/uploads\/2024\/05\/DSC_4500-1-scaled.jpg\" \/>\n\t<meta property=\"og:image:width\" content=\"1708\" \/>\n\t<meta property=\"og:image:height\" content=\"2560\" \/>\n\t<meta property=\"og:image:type\" content=\"image\/jpeg\" \/>\n<meta name=\"twitter:card\" content=\"summary_large_image\" \/>\n<meta name=\"twitter:label1\" content=\"Est. reading time\" \/>\n\t<meta name=\"twitter:data1\" content=\"9 minutes\" \/>\n<script type=\"application\/ld+json\" class=\"yoast-schema-graph\">{\"@context\":\"https:\\\/\\\/schema.org\",\"@graph\":[{\"@type\":\"WebPage\",\"@id\":\"https:\\\/\\\/loveforlife.eco\\\/de\\\/ueber-uns\\\/\",\"url\":\"https:\\\/\\\/loveforlife.eco\\\/de\\\/ueber-uns\\\/\",\"name\":\"\u00dcber uns - Love For Life\",\"isPartOf\":{\"@id\":\"https:\\\/\\\/loveforlife.eco\\\/#website\"},\"primaryImageOfPage\":{\"@id\":\"https:\\\/\\\/loveforlife.eco\\\/de\\\/ueber-uns\\\/#primaryimage\"},\"image\":{\"@id\":\"https:\\\/\\\/loveforlife.eco\\\/de\\\/ueber-uns\\\/#primaryimage\"},\"thumbnailUrl\":\"https:\\\/\\\/loveforlife.eco\\\/app\\\/uploads\\\/2024\\\/05\\\/DSC_4500-1-scaled.jpg\",\"datePublished\":\"2024-05-08T13:51:16+00:00\",\"dateModified\":\"2025-08-26T10:26:30+00:00\",\"description\":\"Love For Life ist eine unabh\u00e4ngige, gemeinn\u00fctzige Organisation, die Menschen erm\u00e4chtigt und die Natur sch\u00fctzt, f\u00fcr einen bewussten, regenerativen Wandel.\",\"breadcrumb\":{\"@id\":\"https:\\\/\\\/loveforlife.eco\\\/de\\\/ueber-uns\\\/#breadcrumb\"},\"inLanguage\":\"de-DE\",\"potentialAction\":[{\"@type\":\"ReadAction\",\"target\":[\"https:\\\/\\\/loveforlife.eco\\\/de\\\/ueber-uns\\\/\"]}]},{\"@type\":\"ImageObject\",\"inLanguage\":\"de-DE\",\"@id\":\"https:\\\/\\\/loveforlife.eco\\\/de\\\/ueber-uns\\\/#primaryimage\",\"url\":\"https:\\\/\\\/loveforlife.eco\\\/app\\\/uploads\\\/2024\\\/05\\\/DSC_4500-1-scaled.jpg\",\"contentUrl\":\"https:\\\/\\\/loveforlife.eco\\\/app\\\/uploads\\\/2024\\\/05\\\/DSC_4500-1-scaled.jpg\",\"width\":1708,\"height\":2560},{\"@type\":\"BreadcrumbList\",\"@id\":\"https:\\\/\\\/loveforlife.eco\\\/de\\\/ueber-uns\\\/#breadcrumb\",\"itemListElement\":[{\"@type\":\"ListItem\",\"position\":1,\"name\":\"Home\",\"item\":\"https:\\\/\\\/loveforlife.eco\\\/de\\\/\"},{\"@type\":\"ListItem\",\"position\":2,\"name\":\"\u00dcber uns\"}]},{\"@type\":\"WebSite\",\"@id\":\"https:\\\/\\\/loveforlife.eco\\\/#website\",\"url\":\"https:\\\/\\\/loveforlife.eco\\\/\",\"name\":\"Love For Life\",\"description\":\"\",\"potentialAction\":[{\"@type\":\"SearchAction\",\"target\":{\"@type\":\"EntryPoint\",\"urlTemplate\":\"https:\\\/\\\/loveforlife.eco\\\/?s={search_term_string}\"},\"query-input\":{\"@type\":\"PropertyValueSpecification\",\"valueRequired\":true,\"valueName\":\"search_term_string\"}}],\"inLanguage\":\"de-DE\"}]}<\/script>\n<!-- \/ Yoast SEO plugin. -->","yoast_head_json":{"title":"\u00dcber uns - Love For Life","description":"Love For Life ist eine unabh\u00e4ngige, gemeinn\u00fctzige Organisation, die Menschen erm\u00e4chtigt und die Natur sch\u00fctzt, f\u00fcr einen bewussten, regenerativen Wandel.","robots":{"index":"index","follow":"follow","max-snippet":"max-snippet:-1","max-image-preview":"max-image-preview:large","max-video-preview":"max-video-preview:-1"},"canonical":"https:\/\/loveforlife.eco\/de\/ueber-uns\/","og_locale":"de_DE","og_type":"article","og_title":"\u00dcber uns - Love For Life","og_description":"Love For Life ist eine unabh\u00e4ngige, gemeinn\u00fctzige Organisation, die Menschen erm\u00e4chtigt und die Natur sch\u00fctzt, f\u00fcr einen bewussten, regenerativen Wandel.","og_url":"https:\/\/loveforlife.eco\/de\/ueber-uns\/","og_site_name":"Love For Life","article_modified_time":"2025-08-26T10:26:30+00:00","og_image":[{"width":1708,"height":2560,"url":"https:\/\/loveforlife.eco\/app\/uploads\/2024\/05\/DSC_4500-1-scaled.jpg","type":"image\/jpeg"}],"twitter_card":"summary_large_image","twitter_misc":{"Est. reading time":"9 minutes"},"schema":{"@context":"https:\/\/schema.org","@graph":[{"@type":"WebPage","@id":"https:\/\/loveforlife.eco\/de\/ueber-uns\/","url":"https:\/\/loveforlife.eco\/de\/ueber-uns\/","name":"\u00dcber uns - Love For Life","isPartOf":{"@id":"https:\/\/loveforlife.eco\/#website"},"primaryImageOfPage":{"@id":"https:\/\/loveforlife.eco\/de\/ueber-uns\/#primaryimage"},"image":{"@id":"https:\/\/loveforlife.eco\/de\/ueber-uns\/#primaryimage"},"thumbnailUrl":"https:\/\/loveforlife.eco\/app\/uploads\/2024\/05\/DSC_4500-1-scaled.jpg","datePublished":"2024-05-08T13:51:16+00:00","dateModified":"2025-08-26T10:26:30+00:00","description":"Love For Life ist eine unabh\u00e4ngige, gemeinn\u00fctzige Organisation, die Menschen erm\u00e4chtigt und die Natur sch\u00fctzt, f\u00fcr einen bewussten, regenerativen Wandel.","breadcrumb":{"@id":"https:\/\/loveforlife.eco\/de\/ueber-uns\/#breadcrumb"},"inLanguage":"de-DE","potentialAction":[{"@type":"ReadAction","target":["https:\/\/loveforlife.eco\/de\/ueber-uns\/"]}]},{"@type":"ImageObject","inLanguage":"de-DE","@id":"https:\/\/loveforlife.eco\/de\/ueber-uns\/#primaryimage","url":"https:\/\/loveforlife.eco\/app\/uploads\/2024\/05\/DSC_4500-1-scaled.jpg","contentUrl":"https:\/\/loveforlife.eco\/app\/uploads\/2024\/05\/DSC_4500-1-scaled.jpg","width":1708,"height":2560},{"@type":"BreadcrumbList","@id":"https:\/\/loveforlife.eco\/de\/ueber-uns\/#breadcrumb","itemListElement":[{"@type":"ListItem","position":1,"name":"Home","item":"https:\/\/loveforlife.eco\/de\/"},{"@type":"ListItem","position":2,"name":"\u00dcber uns"}]},{"@type":"WebSite","@id":"https:\/\/loveforlife.eco\/#website","url":"https:\/\/loveforlife.eco\/","name":"Love For Life","description":"","potentialAction":[{"@type":"SearchAction","target":{"@type":"EntryPoint","urlTemplate":"https:\/\/loveforlife.eco\/?s={search_term_string}"},"query-input":{"@type":"PropertyValueSpecification","valueRequired":true,"valueName":"search_term_string"}}],"inLanguage":"de-DE"}]}},"_links":{"self":[{"href":"https:\/\/loveforlife.eco\/de\/wp-json\/wp\/v2\/pages\/5041","targetHints":{"allow":["GET"]}}],"collection":[{"href":"https:\/\/loveforlife.eco\/de\/wp-json\/wp\/v2\/pages"}],"about":[{"href":"https:\/\/loveforlife.eco\/de\/wp-json\/wp\/v2\/types\/page"}],"author":[{"embeddable":true,"href":"https:\/\/loveforlife.eco\/de\/wp-json\/wp\/v2\/users\/1"}],"replies":[{"embeddable":true,"href":"https:\/\/loveforlife.eco\/de\/wp-json\/wp\/v2\/comments?post=5041"}],"version-history":[{"count":11,"href":"https:\/\/loveforlife.eco\/de\/wp-json\/wp\/v2\/pages\/5041\/revisions"}],"predecessor-version":[{"id":5692,"href":"https:\/\/loveforlife.eco\/de\/wp-json\/wp\/v2\/pages\/5041\/revisions\/5692"}],"wp:featuredmedia":[{"embeddable":true,"href":"https:\/\/loveforlife.eco\/de\/wp-json\/wp\/v2\/media\/1444"}],"wp:attachment":[{"href":"https:\/\/loveforlife.eco\/de\/wp-json\/wp\/v2\/media?parent=5041"}],"curies":[{"name":"wp","href":"https:\/\/api.w.org\/{rel}","templated":true}]}}