{"id":5067,"date":"2024-06-03T06:29:50","date_gmt":"2024-06-03T06:29:50","guid":{"rendered":"https:\/\/loveforlife.eco\/engage\/"},"modified":"2025-04-30T11:18:57","modified_gmt":"2025-04-30T11:18:57","slug":"engagement","status":"publish","type":"page","link":"https:\/\/loveforlife.eco\/de\/engagement\/","title":{"rendered":"Engagement"},"content":{"rendered":"","protected":false},"excerpt":{"rendered":"","protected":false},"author":1,"featured_media":1391,"parent":0,"menu_order":0,"comment_status":"closed","ping_status":"closed","template":"tp-master.php","meta":{"_acf_changed":false,"footnotes":""},"class_list":["post-5067","page","type-page","status-publish","has-post-thumbnail","hentry"],"acf":[],"yoast_head":"<!-- This site is optimized with the Yoast SEO plugin v27.2 - https:\/\/yoast.com\/product\/yoast-seo-wordpress\/ -->\n<title>Engagement - Love For Life<\/title>\n<meta name=\"description\" content=\"Entdecke M\u00f6glichkeiten, aktiv zu werden und dich f\u00fcr die Erm\u00e4chtigung der Menschen und den Schutz der Natur f\u00fcr eine bewusste Erdkultur einzusetzen.\" \/>\n<meta name=\"robots\" content=\"index, follow, max-snippet:-1, max-image-preview:large, max-video-preview:-1\" \/>\n<link rel=\"canonical\" href=\"https:\/\/loveforlife.eco\/de\/engagement\/\" \/>\n<meta property=\"og:locale\" content=\"de_DE\" \/>\n<meta property=\"og:type\" content=\"article\" \/>\n<meta property=\"og:title\" content=\"Engagement - Love For Life\" \/>\n<meta property=\"og:description\" content=\"Entdecke M\u00f6glichkeiten, aktiv zu werden und dich f\u00fcr die Erm\u00e4chtigung der Menschen und den Schutz der Natur f\u00fcr eine bewusste Erdkultur einzusetzen.\" \/>\n<meta property=\"og:url\" content=\"https:\/\/loveforlife.eco\/de\/engagement\/\" \/>\n<meta property=\"og:site_name\" content=\"Love For Life\" \/>\n<meta property=\"article:modified_time\" content=\"2025-04-30T11:18:57+00:00\" \/>\n<meta property=\"og:image\" content=\"https:\/\/loveforlife.eco\/app\/uploads\/2024\/05\/DSC_3007-scaled.jpg\" \/>\n\t<meta property=\"og:image:width\" content=\"2560\" \/>\n\t<meta property=\"og:image:height\" content=\"1708\" \/>\n\t<meta property=\"og:image:type\" content=\"image\/jpeg\" \/>\n<meta name=\"twitter:card\" content=\"summary_large_image\" \/>\n<meta name=\"twitter:label1\" content=\"Est. reading time\" \/>\n\t<meta name=\"twitter:data1\" content=\"2 minutes\" \/>\n<script type=\"application\/ld+json\" class=\"yoast-schema-graph\">{\"@context\":\"https:\/\/schema.org\",\"@graph\":[{\"@type\":\"WebPage\",\"@id\":\"https:\/\/loveforlife.eco\/de\/engagement\/\",\"url\":\"https:\/\/loveforlife.eco\/de\/engagement\/\",\"name\":\"Engagement - Love For Life\",\"isPartOf\":{\"@id\":\"https:\/\/loveforlife.eco\/#website\"},\"primaryImageOfPage\":{\"@id\":\"https:\/\/loveforlife.eco\/de\/engagement\/#primaryimage\"},\"image\":{\"@id\":\"https:\/\/loveforlife.eco\/de\/engagement\/#primaryimage\"},\"thumbnailUrl\":\"https:\/\/loveforlife.eco\/app\/uploads\/2024\/05\/DSC_3007-scaled.jpg\",\"datePublished\":\"2024-06-03T06:29:50+00:00\",\"dateModified\":\"2025-04-30T11:18:57+00:00\",\"description\":\"Entdecke M\u00f6glichkeiten, aktiv zu werden und dich f\u00fcr die Erm\u00e4chtigung der Menschen und den Schutz der Natur f\u00fcr eine bewusste Erdkultur einzusetzen.\",\"breadcrumb\":{\"@id\":\"https:\/\/loveforlife.eco\/de\/engagement\/#breadcrumb\"},\"inLanguage\":\"de-DE\",\"potentialAction\":[{\"@type\":\"ReadAction\",\"target\":[\"https:\/\/loveforlife.eco\/de\/engagement\/\"]}]},{\"@type\":\"ImageObject\",\"inLanguage\":\"de-DE\",\"@id\":\"https:\/\/loveforlife.eco\/de\/engagement\/#primaryimage\",\"url\":\"https:\/\/loveforlife.eco\/app\/uploads\/2024\/05\/DSC_3007-scaled.jpg\",\"contentUrl\":\"https:\/\/loveforlife.eco\/app\/uploads\/2024\/05\/DSC_3007-scaled.jpg\",\"width\":2560,\"height\":1708},{\"@type\":\"BreadcrumbList\",\"@id\":\"https:\/\/loveforlife.eco\/de\/engagement\/#breadcrumb\",\"itemListElement\":[{\"@type\":\"ListItem\",\"position\":1,\"name\":\"Home\",\"item\":\"https:\/\/loveforlife.eco\/de\/\"},{\"@type\":\"ListItem\",\"position\":2,\"name\":\"Engagement\"}]},{\"@type\":\"WebSite\",\"@id\":\"https:\/\/loveforlife.eco\/#website\",\"url\":\"https:\/\/loveforlife.eco\/\",\"name\":\"Love For Life\",\"description\":\"\",\"potentialAction\":[{\"@type\":\"SearchAction\",\"target\":{\"@type\":\"EntryPoint\",\"urlTemplate\":\"https:\/\/loveforlife.eco\/?s={search_term_string}\"},\"query-input\":{\"@type\":\"PropertyValueSpecification\",\"valueRequired\":true,\"valueName\":\"search_term_string\"}}],\"inLanguage\":\"de-DE\"}]}<\/script>\n<!-- \/ Yoast SEO plugin. -->","yoast_head_json":{"title":"Engagement - Love For Life","description":"Entdecke M\u00f6glichkeiten, aktiv zu werden und dich f\u00fcr die Erm\u00e4chtigung der Menschen und den Schutz der Natur f\u00fcr eine bewusste Erdkultur einzusetzen.","robots":{"index":"index","follow":"follow","max-snippet":"max-snippet:-1","max-image-preview":"max-image-preview:large","max-video-preview":"max-video-preview:-1"},"canonical":"https:\/\/loveforlife.eco\/de\/engagement\/","og_locale":"de_DE","og_type":"article","og_title":"Engagement - Love For Life","og_description":"Entdecke M\u00f6glichkeiten, aktiv zu werden und dich f\u00fcr die Erm\u00e4chtigung der Menschen und den Schutz der Natur f\u00fcr eine bewusste Erdkultur einzusetzen.","og_url":"https:\/\/loveforlife.eco\/de\/engagement\/","og_site_name":"Love For Life","article_modified_time":"2025-04-30T11:18:57+00:00","og_image":[{"width":2560,"height":1708,"url":"https:\/\/loveforlife.eco\/app\/uploads\/2024\/05\/DSC_3007-scaled.jpg","type":"image\/jpeg"}],"twitter_card":"summary_large_image","twitter_misc":{"Est. reading time":"2 minutes"},"schema":{"@context":"https:\/\/schema.org","@graph":[{"@type":"WebPage","@id":"https:\/\/loveforlife.eco\/de\/engagement\/","url":"https:\/\/loveforlife.eco\/de\/engagement\/","name":"Engagement - Love For Life","isPartOf":{"@id":"https:\/\/loveforlife.eco\/#website"},"primaryImageOfPage":{"@id":"https:\/\/loveforlife.eco\/de\/engagement\/#primaryimage"},"image":{"@id":"https:\/\/loveforlife.eco\/de\/engagement\/#primaryimage"},"thumbnailUrl":"https:\/\/loveforlife.eco\/app\/uploads\/2024\/05\/DSC_3007-scaled.jpg","datePublished":"2024-06-03T06:29:50+00:00","dateModified":"2025-04-30T11:18:57+00:00","description":"Entdecke M\u00f6glichkeiten, aktiv zu werden und dich f\u00fcr die Erm\u00e4chtigung der Menschen und den Schutz der Natur f\u00fcr eine bewusste Erdkultur einzusetzen.","breadcrumb":{"@id":"https:\/\/loveforlife.eco\/de\/engagement\/#breadcrumb"},"inLanguage":"de-DE","potentialAction":[{"@type":"ReadAction","target":["https:\/\/loveforlife.eco\/de\/engagement\/"]}]},{"@type":"ImageObject","inLanguage":"de-DE","@id":"https:\/\/loveforlife.eco\/de\/engagement\/#primaryimage","url":"https:\/\/loveforlife.eco\/app\/uploads\/2024\/05\/DSC_3007-scaled.jpg","contentUrl":"https:\/\/loveforlife.eco\/app\/uploads\/2024\/05\/DSC_3007-scaled.jpg","width":2560,"height":1708},{"@type":"BreadcrumbList","@id":"https:\/\/loveforlife.eco\/de\/engagement\/#breadcrumb","itemListElement":[{"@type":"ListItem","position":1,"name":"Home","item":"https:\/\/loveforlife.eco\/de\/"},{"@type":"ListItem","position":2,"name":"Engagement"}]},{"@type":"WebSite","@id":"https:\/\/loveforlife.eco\/#website","url":"https:\/\/loveforlife.eco\/","name":"Love For Life","description":"","potentialAction":[{"@type":"SearchAction","target":{"@type":"EntryPoint","urlTemplate":"https:\/\/loveforlife.eco\/?s={search_term_string}"},"query-input":{"@type":"PropertyValueSpecification","valueRequired":true,"valueName":"search_term_string"}}],"inLanguage":"de-DE"}]}},"_links":{"self":[{"href":"https:\/\/loveforlife.eco\/de\/wp-json\/wp\/v2\/pages\/5067","targetHints":{"allow":["GET"]}}],"collection":[{"href":"https:\/\/loveforlife.eco\/de\/wp-json\/wp\/v2\/pages"}],"about":[{"href":"https:\/\/loveforlife.eco\/de\/wp-json\/wp\/v2\/types\/page"}],"author":[{"embeddable":true,"href":"https:\/\/loveforlife.eco\/de\/wp-json\/wp\/v2\/users\/1"}],"replies":[{"embeddable":true,"href":"https:\/\/loveforlife.eco\/de\/wp-json\/wp\/v2\/comments?post=5067"}],"version-history":[{"count":11,"href":"https:\/\/loveforlife.eco\/de\/wp-json\/wp\/v2\/pages\/5067\/revisions"}],"predecessor-version":[{"id":5656,"href":"https:\/\/loveforlife.eco\/de\/wp-json\/wp\/v2\/pages\/5067\/revisions\/5656"}],"wp:featuredmedia":[{"embeddable":true,"href":"https:\/\/loveforlife.eco\/de\/wp-json\/wp\/v2\/media\/1391"}],"wp:attachment":[{"href":"https:\/\/loveforlife.eco\/de\/wp-json\/wp\/v2\/media?parent=5067"}],"curies":[{"name":"wp","href":"https:\/\/api.w.org\/{rel}","templated":true}]}}