{"id":5102,"date":"2024-05-13T14:47:13","date_gmt":"2024-05-13T14:47:13","guid":{"rendered":"https:\/\/loveforlife.eco\/ecosystem-protection-restoration\/"},"modified":"2024-11-20T14:55:36","modified_gmt":"2024-11-20T14:55:36","slug":"oekosystemen-schutz-und-regeneration","status":"publish","type":"page","link":"https:\/\/loveforlife.eco\/de\/oekosystemen-schutz-und-regeneration\/","title":{"rendered":"Schutz &#038; Regeneration von \u00d6kosystemen"},"content":{"rendered":"","protected":false},"excerpt":{"rendered":"","protected":false},"author":3,"featured_media":1355,"parent":0,"menu_order":0,"comment_status":"closed","ping_status":"closed","template":"tp-master.php","meta":{"_acf_changed":false,"footnotes":""},"class_list":["post-5102","page","type-page","status-publish","has-post-thumbnail","hentry"],"acf":[],"yoast_head":"<!-- This site is optimized with the Yoast SEO plugin v27.2 - https:\/\/yoast.com\/product\/yoast-seo-wordpress\/ -->\n<title>Schutz &amp; Regeneration von \u00d6kosystemen - Love For Life<\/title>\n<meta name=\"description\" content=\"Wir arbeiten mit indigenen V\u00f6lkern als H\u00fcter der Regenw\u00e4lder zusammen, f\u00fcr die Heilung und Regeneration lebenswichtiger \u00d6kosysteme der Erde.\" \/>\n<meta name=\"robots\" content=\"index, follow, max-snippet:-1, max-image-preview:large, max-video-preview:-1\" \/>\n<link rel=\"canonical\" href=\"https:\/\/loveforlife.eco\/de\/oekosystemen-schutz-und-regeneration\/\" \/>\n<meta property=\"og:locale\" content=\"de_DE\" \/>\n<meta property=\"og:type\" content=\"article\" \/>\n<meta property=\"og:title\" content=\"Schutz &amp; Regeneration von \u00d6kosystemen - Love For Life\" \/>\n<meta property=\"og:description\" content=\"Wir arbeiten mit indigenen V\u00f6lkern als H\u00fcter der Regenw\u00e4lder zusammen, f\u00fcr die Heilung und Regeneration lebenswichtiger \u00d6kosysteme der Erde.\" \/>\n<meta property=\"og:url\" content=\"https:\/\/loveforlife.eco\/de\/oekosystemen-schutz-und-regeneration\/\" \/>\n<meta property=\"og:site_name\" content=\"Love For Life\" \/>\n<meta property=\"article:modified_time\" content=\"2024-11-20T14:55:36+00:00\" \/>\n<meta property=\"og:image\" content=\"https:\/\/loveforlife.eco\/app\/uploads\/2024\/05\/DJI_0042-Large.jpeg\" \/>\n\t<meta property=\"og:image:width\" content=\"1280\" \/>\n\t<meta property=\"og:image:height\" content=\"719\" \/>\n\t<meta property=\"og:image:type\" content=\"image\/jpeg\" \/>\n<meta name=\"twitter:card\" content=\"summary_large_image\" \/>\n<meta name=\"twitter:label1\" content=\"Est. reading time\" \/>\n\t<meta name=\"twitter:data1\" content=\"5 minutes\" \/>\n<script type=\"application\/ld+json\" class=\"yoast-schema-graph\">{\"@context\":\"https:\/\/schema.org\",\"@graph\":[{\"@type\":\"WebPage\",\"@id\":\"https:\/\/loveforlife.eco\/de\/oekosystemen-schutz-und-regeneration\/\",\"url\":\"https:\/\/loveforlife.eco\/de\/oekosystemen-schutz-und-regeneration\/\",\"name\":\"Schutz & Regeneration von \u00d6kosystemen - Love For Life\",\"isPartOf\":{\"@id\":\"https:\/\/loveforlife.eco\/#website\"},\"primaryImageOfPage\":{\"@id\":\"https:\/\/loveforlife.eco\/de\/oekosystemen-schutz-und-regeneration\/#primaryimage\"},\"image\":{\"@id\":\"https:\/\/loveforlife.eco\/de\/oekosystemen-schutz-und-regeneration\/#primaryimage\"},\"thumbnailUrl\":\"https:\/\/loveforlife.eco\/app\/uploads\/2024\/05\/DJI_0042-Large.jpeg\",\"datePublished\":\"2024-05-13T14:47:13+00:00\",\"dateModified\":\"2024-11-20T14:55:36+00:00\",\"description\":\"Wir arbeiten mit indigenen V\u00f6lkern als H\u00fcter der Regenw\u00e4lder zusammen, f\u00fcr die Heilung und Regeneration lebenswichtiger \u00d6kosysteme der Erde.\",\"breadcrumb\":{\"@id\":\"https:\/\/loveforlife.eco\/de\/oekosystemen-schutz-und-regeneration\/#breadcrumb\"},\"inLanguage\":\"de-DE\",\"potentialAction\":[{\"@type\":\"ReadAction\",\"target\":[\"https:\/\/loveforlife.eco\/de\/oekosystemen-schutz-und-regeneration\/\"]}]},{\"@type\":\"ImageObject\",\"inLanguage\":\"de-DE\",\"@id\":\"https:\/\/loveforlife.eco\/de\/oekosystemen-schutz-und-regeneration\/#primaryimage\",\"url\":\"https:\/\/loveforlife.eco\/app\/uploads\/2024\/05\/DJI_0042-Large.jpeg\",\"contentUrl\":\"https:\/\/loveforlife.eco\/app\/uploads\/2024\/05\/DJI_0042-Large.jpeg\",\"width\":1280,\"height\":719},{\"@type\":\"BreadcrumbList\",\"@id\":\"https:\/\/loveforlife.eco\/de\/oekosystemen-schutz-und-regeneration\/#breadcrumb\",\"itemListElement\":[{\"@type\":\"ListItem\",\"position\":1,\"name\":\"Home\",\"item\":\"https:\/\/loveforlife.eco\/de\/\"},{\"@type\":\"ListItem\",\"position\":2,\"name\":\"Schutz &#038; Regeneration von \u00d6kosystemen\"}]},{\"@type\":\"WebSite\",\"@id\":\"https:\/\/loveforlife.eco\/#website\",\"url\":\"https:\/\/loveforlife.eco\/\",\"name\":\"Love For Life\",\"description\":\"\",\"potentialAction\":[{\"@type\":\"SearchAction\",\"target\":{\"@type\":\"EntryPoint\",\"urlTemplate\":\"https:\/\/loveforlife.eco\/?s={search_term_string}\"},\"query-input\":{\"@type\":\"PropertyValueSpecification\",\"valueRequired\":true,\"valueName\":\"search_term_string\"}}],\"inLanguage\":\"de-DE\"}]}<\/script>\n<!-- \/ Yoast SEO plugin. -->","yoast_head_json":{"title":"Schutz & Regeneration von \u00d6kosystemen - Love For Life","description":"Wir arbeiten mit indigenen V\u00f6lkern als H\u00fcter der Regenw\u00e4lder zusammen, f\u00fcr die Heilung und Regeneration lebenswichtiger \u00d6kosysteme der Erde.","robots":{"index":"index","follow":"follow","max-snippet":"max-snippet:-1","max-image-preview":"max-image-preview:large","max-video-preview":"max-video-preview:-1"},"canonical":"https:\/\/loveforlife.eco\/de\/oekosystemen-schutz-und-regeneration\/","og_locale":"de_DE","og_type":"article","og_title":"Schutz & Regeneration von \u00d6kosystemen - Love For Life","og_description":"Wir arbeiten mit indigenen V\u00f6lkern als H\u00fcter der Regenw\u00e4lder zusammen, f\u00fcr die Heilung und Regeneration lebenswichtiger \u00d6kosysteme der Erde.","og_url":"https:\/\/loveforlife.eco\/de\/oekosystemen-schutz-und-regeneration\/","og_site_name":"Love For Life","article_modified_time":"2024-11-20T14:55:36+00:00","og_image":[{"width":1280,"height":719,"url":"https:\/\/loveforlife.eco\/app\/uploads\/2024\/05\/DJI_0042-Large.jpeg","type":"image\/jpeg"}],"twitter_card":"summary_large_image","twitter_misc":{"Est. reading time":"5 minutes"},"schema":{"@context":"https:\/\/schema.org","@graph":[{"@type":"WebPage","@id":"https:\/\/loveforlife.eco\/de\/oekosystemen-schutz-und-regeneration\/","url":"https:\/\/loveforlife.eco\/de\/oekosystemen-schutz-und-regeneration\/","name":"Schutz & Regeneration von \u00d6kosystemen - Love For Life","isPartOf":{"@id":"https:\/\/loveforlife.eco\/#website"},"primaryImageOfPage":{"@id":"https:\/\/loveforlife.eco\/de\/oekosystemen-schutz-und-regeneration\/#primaryimage"},"image":{"@id":"https:\/\/loveforlife.eco\/de\/oekosystemen-schutz-und-regeneration\/#primaryimage"},"thumbnailUrl":"https:\/\/loveforlife.eco\/app\/uploads\/2024\/05\/DJI_0042-Large.jpeg","datePublished":"2024-05-13T14:47:13+00:00","dateModified":"2024-11-20T14:55:36+00:00","description":"Wir arbeiten mit indigenen V\u00f6lkern als H\u00fcter der Regenw\u00e4lder zusammen, f\u00fcr die Heilung und Regeneration lebenswichtiger \u00d6kosysteme der Erde.","breadcrumb":{"@id":"https:\/\/loveforlife.eco\/de\/oekosystemen-schutz-und-regeneration\/#breadcrumb"},"inLanguage":"de-DE","potentialAction":[{"@type":"ReadAction","target":["https:\/\/loveforlife.eco\/de\/oekosystemen-schutz-und-regeneration\/"]}]},{"@type":"ImageObject","inLanguage":"de-DE","@id":"https:\/\/loveforlife.eco\/de\/oekosystemen-schutz-und-regeneration\/#primaryimage","url":"https:\/\/loveforlife.eco\/app\/uploads\/2024\/05\/DJI_0042-Large.jpeg","contentUrl":"https:\/\/loveforlife.eco\/app\/uploads\/2024\/05\/DJI_0042-Large.jpeg","width":1280,"height":719},{"@type":"BreadcrumbList","@id":"https:\/\/loveforlife.eco\/de\/oekosystemen-schutz-und-regeneration\/#breadcrumb","itemListElement":[{"@type":"ListItem","position":1,"name":"Home","item":"https:\/\/loveforlife.eco\/de\/"},{"@type":"ListItem","position":2,"name":"Schutz &#038; Regeneration von \u00d6kosystemen"}]},{"@type":"WebSite","@id":"https:\/\/loveforlife.eco\/#website","url":"https:\/\/loveforlife.eco\/","name":"Love For Life","description":"","potentialAction":[{"@type":"SearchAction","target":{"@type":"EntryPoint","urlTemplate":"https:\/\/loveforlife.eco\/?s={search_term_string}"},"query-input":{"@type":"PropertyValueSpecification","valueRequired":true,"valueName":"search_term_string"}}],"inLanguage":"de-DE"}]}},"_links":{"self":[{"href":"https:\/\/loveforlife.eco\/de\/wp-json\/wp\/v2\/pages\/5102","targetHints":{"allow":["GET"]}}],"collection":[{"href":"https:\/\/loveforlife.eco\/de\/wp-json\/wp\/v2\/pages"}],"about":[{"href":"https:\/\/loveforlife.eco\/de\/wp-json\/wp\/v2\/types\/page"}],"author":[{"embeddable":true,"href":"https:\/\/loveforlife.eco\/de\/wp-json\/wp\/v2\/users\/3"}],"replies":[{"embeddable":true,"href":"https:\/\/loveforlife.eco\/de\/wp-json\/wp\/v2\/comments?post=5102"}],"version-history":[{"count":3,"href":"https:\/\/loveforlife.eco\/de\/wp-json\/wp\/v2\/pages\/5102\/revisions"}],"predecessor-version":[{"id":5473,"href":"https:\/\/loveforlife.eco\/de\/wp-json\/wp\/v2\/pages\/5102\/revisions\/5473"}],"wp:featuredmedia":[{"embeddable":true,"href":"https:\/\/loveforlife.eco\/de\/wp-json\/wp\/v2\/media\/1355"}],"wp:attachment":[{"href":"https:\/\/loveforlife.eco\/de\/wp-json\/wp\/v2\/media?parent=5102"}],"curies":[{"name":"wp","href":"https:\/\/api.w.org\/{rel}","templated":true}]}}