{"id":5132,"date":"2024-08-05T08:19:15","date_gmt":"2024-08-05T08:19:15","guid":{"rendered":"https:\/\/loveforlife.eco\/indigene-gemeinschaftsbasierte-fuehrung\/why\/"},"modified":"2024-11-20T20:03:43","modified_gmt":"2024-11-20T20:03:43","slug":"warum-indigene-gemeinschaftsbasierte-fuehrung","status":"publish","type":"page","link":"https:\/\/loveforlife.eco\/de\/indigene-gemeinschaftsbasierte-fuehrung\/warum-indigene-gemeinschaftsbasierte-fuehrung\/","title":{"rendered":"Warum Indigene &#038; gemeinschaftsbasierte F\u00fchrung"},"content":{"rendered":"","protected":false},"excerpt":{"rendered":"","protected":false},"author":4,"featured_media":4197,"parent":5128,"menu_order":0,"comment_status":"closed","ping_status":"closed","template":"tp-master.php","meta":{"_acf_changed":false,"footnotes":""},"class_list":["post-5132","page","type-page","status-publish","has-post-thumbnail","hentry"],"acf":[],"yoast_head":"<!-- This site is optimized with the Yoast SEO plugin v27.3 - https:\/\/yoast.com\/product\/yoast-seo-wordpress\/ -->\n<title>Warum Indigene &amp; gemeinschaftsbasierte F\u00fchrung - Love For Life<\/title>\n<meta name=\"description\" content=\"Indigene und lokale F\u00fchrungskr\u00e4fte sind f\u00fcr den Schutz und die Regeneration der \u00d6kosysteme der Erde von entscheidender Bedeutung.\" \/>\n<meta name=\"robots\" content=\"index, follow, max-snippet:-1, max-image-preview:large, max-video-preview:-1\" \/>\n<link rel=\"canonical\" href=\"https:\/\/loveforlife.eco\/de\/indigene-gemeinschaftsbasierte-fuehrung\/warum-indigene-gemeinschaftsbasierte-fuehrung\/\" \/>\n<meta property=\"og:locale\" content=\"de_DE\" \/>\n<meta property=\"og:type\" content=\"article\" \/>\n<meta property=\"og:title\" content=\"Warum Indigene &amp; gemeinschaftsbasierte F\u00fchrung - Love For Life\" \/>\n<meta property=\"og:description\" content=\"Indigene und lokale F\u00fchrungskr\u00e4fte sind f\u00fcr den Schutz und die Regeneration der \u00d6kosysteme der Erde von entscheidender Bedeutung.\" \/>\n<meta property=\"og:url\" content=\"https:\/\/loveforlife.eco\/de\/indigene-gemeinschaftsbasierte-fuehrung\/warum-indigene-gemeinschaftsbasierte-fuehrung\/\" \/>\n<meta property=\"og:site_name\" content=\"Love For Life\" \/>\n<meta property=\"article:modified_time\" content=\"2024-11-20T20:03:43+00:00\" \/>\n<meta property=\"og:image\" content=\"https:\/\/loveforlife.eco\/app\/uploads\/2024\/08\/DSC_2440-s-scaled.jpg\" \/>\n\t<meta property=\"og:image:width\" content=\"2560\" \/>\n\t<meta property=\"og:image:height\" content=\"1709\" \/>\n\t<meta property=\"og:image:type\" content=\"image\/jpeg\" \/>\n<meta name=\"twitter:card\" content=\"summary_large_image\" \/>\n<meta name=\"twitter:label1\" content=\"Est. reading time\" \/>\n\t<meta name=\"twitter:data1\" content=\"3 minutes\" \/>\n<script type=\"application\/ld+json\" class=\"yoast-schema-graph\">{\"@context\":\"https:\\\/\\\/schema.org\",\"@graph\":[{\"@type\":\"WebPage\",\"@id\":\"https:\\\/\\\/loveforlife.eco\\\/de\\\/indigene-gemeinschaftsbasierte-fuehrung\\\/warum-indigene-gemeinschaftsbasierte-fuehrung\\\/\",\"url\":\"https:\\\/\\\/loveforlife.eco\\\/de\\\/indigene-gemeinschaftsbasierte-fuehrung\\\/warum-indigene-gemeinschaftsbasierte-fuehrung\\\/\",\"name\":\"Warum Indigene & gemeinschaftsbasierte F\u00fchrung - Love For Life\",\"isPartOf\":{\"@id\":\"https:\\\/\\\/loveforlife.eco\\\/#website\"},\"primaryImageOfPage\":{\"@id\":\"https:\\\/\\\/loveforlife.eco\\\/de\\\/indigene-gemeinschaftsbasierte-fuehrung\\\/warum-indigene-gemeinschaftsbasierte-fuehrung\\\/#primaryimage\"},\"image\":{\"@id\":\"https:\\\/\\\/loveforlife.eco\\\/de\\\/indigene-gemeinschaftsbasierte-fuehrung\\\/warum-indigene-gemeinschaftsbasierte-fuehrung\\\/#primaryimage\"},\"thumbnailUrl\":\"https:\\\/\\\/loveforlife.eco\\\/app\\\/uploads\\\/2024\\\/08\\\/DSC_2440-s-scaled.jpg\",\"datePublished\":\"2024-08-05T08:19:15+00:00\",\"dateModified\":\"2024-11-20T20:03:43+00:00\",\"description\":\"Indigene und lokale F\u00fchrungskr\u00e4fte sind f\u00fcr den Schutz und die Regeneration der \u00d6kosysteme der Erde von entscheidender Bedeutung.\",\"breadcrumb\":{\"@id\":\"https:\\\/\\\/loveforlife.eco\\\/de\\\/indigene-gemeinschaftsbasierte-fuehrung\\\/warum-indigene-gemeinschaftsbasierte-fuehrung\\\/#breadcrumb\"},\"inLanguage\":\"de-DE\",\"potentialAction\":[{\"@type\":\"ReadAction\",\"target\":[\"https:\\\/\\\/loveforlife.eco\\\/de\\\/indigene-gemeinschaftsbasierte-fuehrung\\\/warum-indigene-gemeinschaftsbasierte-fuehrung\\\/\"]}]},{\"@type\":\"ImageObject\",\"inLanguage\":\"de-DE\",\"@id\":\"https:\\\/\\\/loveforlife.eco\\\/de\\\/indigene-gemeinschaftsbasierte-fuehrung\\\/warum-indigene-gemeinschaftsbasierte-fuehrung\\\/#primaryimage\",\"url\":\"https:\\\/\\\/loveforlife.eco\\\/app\\\/uploads\\\/2024\\\/08\\\/DSC_2440-s-scaled.jpg\",\"contentUrl\":\"https:\\\/\\\/loveforlife.eco\\\/app\\\/uploads\\\/2024\\\/08\\\/DSC_2440-s-scaled.jpg\",\"width\":2560,\"height\":1709},{\"@type\":\"BreadcrumbList\",\"@id\":\"https:\\\/\\\/loveforlife.eco\\\/de\\\/indigene-gemeinschaftsbasierte-fuehrung\\\/warum-indigene-gemeinschaftsbasierte-fuehrung\\\/#breadcrumb\",\"itemListElement\":[{\"@type\":\"ListItem\",\"position\":1,\"name\":\"Home\",\"item\":\"https:\\\/\\\/loveforlife.eco\\\/de\\\/\"},{\"@type\":\"ListItem\",\"position\":2,\"name\":\"Indigene &#038; gemeinschaftsbasierte F\u00fchrung\",\"item\":\"https:\\\/\\\/loveforlife.eco\\\/de\\\/indigene-gemeinschaftsbasierte-fuehrung\\\/\"},{\"@type\":\"ListItem\",\"position\":3,\"name\":\"Warum Indigene &#038; gemeinschaftsbasierte F\u00fchrung\"}]},{\"@type\":\"WebSite\",\"@id\":\"https:\\\/\\\/loveforlife.eco\\\/#website\",\"url\":\"https:\\\/\\\/loveforlife.eco\\\/\",\"name\":\"Love For Life\",\"description\":\"\",\"potentialAction\":[{\"@type\":\"SearchAction\",\"target\":{\"@type\":\"EntryPoint\",\"urlTemplate\":\"https:\\\/\\\/loveforlife.eco\\\/?s={search_term_string}\"},\"query-input\":{\"@type\":\"PropertyValueSpecification\",\"valueRequired\":true,\"valueName\":\"search_term_string\"}}],\"inLanguage\":\"de-DE\"}]}<\/script>\n<!-- \/ Yoast SEO plugin. -->","yoast_head_json":{"title":"Warum Indigene & gemeinschaftsbasierte F\u00fchrung - Love For Life","description":"Indigene und lokale F\u00fchrungskr\u00e4fte sind f\u00fcr den Schutz und die Regeneration der \u00d6kosysteme der Erde von entscheidender Bedeutung.","robots":{"index":"index","follow":"follow","max-snippet":"max-snippet:-1","max-image-preview":"max-image-preview:large","max-video-preview":"max-video-preview:-1"},"canonical":"https:\/\/loveforlife.eco\/de\/indigene-gemeinschaftsbasierte-fuehrung\/warum-indigene-gemeinschaftsbasierte-fuehrung\/","og_locale":"de_DE","og_type":"article","og_title":"Warum Indigene & gemeinschaftsbasierte F\u00fchrung - Love For Life","og_description":"Indigene und lokale F\u00fchrungskr\u00e4fte sind f\u00fcr den Schutz und die Regeneration der \u00d6kosysteme der Erde von entscheidender Bedeutung.","og_url":"https:\/\/loveforlife.eco\/de\/indigene-gemeinschaftsbasierte-fuehrung\/warum-indigene-gemeinschaftsbasierte-fuehrung\/","og_site_name":"Love For Life","article_modified_time":"2024-11-20T20:03:43+00:00","og_image":[{"width":2560,"height":1709,"url":"https:\/\/loveforlife.eco\/app\/uploads\/2024\/08\/DSC_2440-s-scaled.jpg","type":"image\/jpeg"}],"twitter_card":"summary_large_image","twitter_misc":{"Est. reading time":"3 minutes"},"schema":{"@context":"https:\/\/schema.org","@graph":[{"@type":"WebPage","@id":"https:\/\/loveforlife.eco\/de\/indigene-gemeinschaftsbasierte-fuehrung\/warum-indigene-gemeinschaftsbasierte-fuehrung\/","url":"https:\/\/loveforlife.eco\/de\/indigene-gemeinschaftsbasierte-fuehrung\/warum-indigene-gemeinschaftsbasierte-fuehrung\/","name":"Warum Indigene & gemeinschaftsbasierte F\u00fchrung - Love For Life","isPartOf":{"@id":"https:\/\/loveforlife.eco\/#website"},"primaryImageOfPage":{"@id":"https:\/\/loveforlife.eco\/de\/indigene-gemeinschaftsbasierte-fuehrung\/warum-indigene-gemeinschaftsbasierte-fuehrung\/#primaryimage"},"image":{"@id":"https:\/\/loveforlife.eco\/de\/indigene-gemeinschaftsbasierte-fuehrung\/warum-indigene-gemeinschaftsbasierte-fuehrung\/#primaryimage"},"thumbnailUrl":"https:\/\/loveforlife.eco\/app\/uploads\/2024\/08\/DSC_2440-s-scaled.jpg","datePublished":"2024-08-05T08:19:15+00:00","dateModified":"2024-11-20T20:03:43+00:00","description":"Indigene und lokale F\u00fchrungskr\u00e4fte sind f\u00fcr den Schutz und die Regeneration der \u00d6kosysteme der Erde von entscheidender Bedeutung.","breadcrumb":{"@id":"https:\/\/loveforlife.eco\/de\/indigene-gemeinschaftsbasierte-fuehrung\/warum-indigene-gemeinschaftsbasierte-fuehrung\/#breadcrumb"},"inLanguage":"de-DE","potentialAction":[{"@type":"ReadAction","target":["https:\/\/loveforlife.eco\/de\/indigene-gemeinschaftsbasierte-fuehrung\/warum-indigene-gemeinschaftsbasierte-fuehrung\/"]}]},{"@type":"ImageObject","inLanguage":"de-DE","@id":"https:\/\/loveforlife.eco\/de\/indigene-gemeinschaftsbasierte-fuehrung\/warum-indigene-gemeinschaftsbasierte-fuehrung\/#primaryimage","url":"https:\/\/loveforlife.eco\/app\/uploads\/2024\/08\/DSC_2440-s-scaled.jpg","contentUrl":"https:\/\/loveforlife.eco\/app\/uploads\/2024\/08\/DSC_2440-s-scaled.jpg","width":2560,"height":1709},{"@type":"BreadcrumbList","@id":"https:\/\/loveforlife.eco\/de\/indigene-gemeinschaftsbasierte-fuehrung\/warum-indigene-gemeinschaftsbasierte-fuehrung\/#breadcrumb","itemListElement":[{"@type":"ListItem","position":1,"name":"Home","item":"https:\/\/loveforlife.eco\/de\/"},{"@type":"ListItem","position":2,"name":"Indigene &#038; gemeinschaftsbasierte F\u00fchrung","item":"https:\/\/loveforlife.eco\/de\/indigene-gemeinschaftsbasierte-fuehrung\/"},{"@type":"ListItem","position":3,"name":"Warum Indigene &#038; gemeinschaftsbasierte F\u00fchrung"}]},{"@type":"WebSite","@id":"https:\/\/loveforlife.eco\/#website","url":"https:\/\/loveforlife.eco\/","name":"Love For Life","description":"","potentialAction":[{"@type":"SearchAction","target":{"@type":"EntryPoint","urlTemplate":"https:\/\/loveforlife.eco\/?s={search_term_string}"},"query-input":{"@type":"PropertyValueSpecification","valueRequired":true,"valueName":"search_term_string"}}],"inLanguage":"de-DE"}]}},"_links":{"self":[{"href":"https:\/\/loveforlife.eco\/de\/wp-json\/wp\/v2\/pages\/5132","targetHints":{"allow":["GET"]}}],"collection":[{"href":"https:\/\/loveforlife.eco\/de\/wp-json\/wp\/v2\/pages"}],"about":[{"href":"https:\/\/loveforlife.eco\/de\/wp-json\/wp\/v2\/types\/page"}],"author":[{"embeddable":true,"href":"https:\/\/loveforlife.eco\/de\/wp-json\/wp\/v2\/users\/4"}],"replies":[{"embeddable":true,"href":"https:\/\/loveforlife.eco\/de\/wp-json\/wp\/v2\/comments?post=5132"}],"version-history":[{"count":6,"href":"https:\/\/loveforlife.eco\/de\/wp-json\/wp\/v2\/pages\/5132\/revisions"}],"predecessor-version":[{"id":5501,"href":"https:\/\/loveforlife.eco\/de\/wp-json\/wp\/v2\/pages\/5132\/revisions\/5501"}],"up":[{"embeddable":true,"href":"https:\/\/loveforlife.eco\/de\/wp-json\/wp\/v2\/pages\/5128"}],"wp:featuredmedia":[{"embeddable":true,"href":"https:\/\/loveforlife.eco\/de\/wp-json\/wp\/v2\/media\/4197"}],"wp:attachment":[{"href":"https:\/\/loveforlife.eco\/de\/wp-json\/wp\/v2\/media?parent=5132"}],"curies":[{"name":"wp","href":"https:\/\/api.w.org\/{rel}","templated":true}]}}