{"id":5155,"date":"2024-05-05T13:04:45","date_gmt":"2024-05-05T13:04:45","guid":{"rendered":"https:\/\/loveforlife.eco\/press\/"},"modified":"2025-08-26T10:43:13","modified_gmt":"2025-08-26T10:43:13","slug":"presse","status":"publish","type":"page","link":"https:\/\/loveforlife.eco\/de\/presse\/","title":{"rendered":"Presse"},"content":{"rendered":"","protected":false},"excerpt":{"rendered":"","protected":false},"author":1,"featured_media":0,"parent":0,"menu_order":0,"comment_status":"closed","ping_status":"closed","template":"tp-master.php","meta":{"_acf_changed":false,"footnotes":""},"class_list":["post-5155","page","type-page","status-publish","hentry"],"acf":[],"yoast_head":"<!-- This site is optimized with the Yoast SEO plugin v27.2 - https:\/\/yoast.com\/product\/yoast-seo-wordpress\/ -->\n<title>Presse - Love For Life<\/title>\n<meta name=\"description\" content=\"F\u00fcr Presseanfragen wende dich bitte an Love For Life, um unsere Botschaft zu verbreiten und unsere Mission Menschen zu erm\u00e4chtigen und die Natur zu sch\u00fctzen zu teilen.\" \/>\n<meta name=\"robots\" content=\"index, follow, max-snippet:-1, max-image-preview:large, max-video-preview:-1\" \/>\n<link rel=\"canonical\" href=\"https:\/\/loveforlife.eco\/de\/presse\/\" \/>\n<meta property=\"og:locale\" content=\"de_DE\" \/>\n<meta property=\"og:type\" content=\"article\" \/>\n<meta property=\"og:title\" content=\"Presse - Love For Life\" \/>\n<meta property=\"og:description\" content=\"F\u00fcr Presseanfragen wende dich bitte an Love For Life, um unsere Botschaft zu verbreiten und unsere Mission Menschen zu erm\u00e4chtigen und die Natur zu sch\u00fctzen zu teilen.\" \/>\n<meta property=\"og:url\" content=\"https:\/\/loveforlife.eco\/de\/presse\/\" \/>\n<meta property=\"og:site_name\" content=\"Love For Life\" \/>\n<meta property=\"article:modified_time\" content=\"2025-08-26T10:43:13+00:00\" \/>\n<meta name=\"twitter:card\" content=\"summary_large_image\" \/>\n<meta name=\"twitter:label1\" content=\"Est. reading time\" \/>\n\t<meta name=\"twitter:data1\" content=\"1 minute\" \/>\n<script type=\"application\/ld+json\" class=\"yoast-schema-graph\">{\"@context\":\"https:\/\/schema.org\",\"@graph\":[{\"@type\":\"WebPage\",\"@id\":\"https:\/\/loveforlife.eco\/de\/presse\/\",\"url\":\"https:\/\/loveforlife.eco\/de\/presse\/\",\"name\":\"Presse - Love For Life\",\"isPartOf\":{\"@id\":\"https:\/\/loveforlife.eco\/#website\"},\"datePublished\":\"2024-05-05T13:04:45+00:00\",\"dateModified\":\"2025-08-26T10:43:13+00:00\",\"description\":\"F\u00fcr Presseanfragen wende dich bitte an Love For Life, um unsere Botschaft zu verbreiten und unsere Mission Menschen zu erm\u00e4chtigen und die Natur zu sch\u00fctzen zu teilen.\",\"breadcrumb\":{\"@id\":\"https:\/\/loveforlife.eco\/de\/presse\/#breadcrumb\"},\"inLanguage\":\"de-DE\",\"potentialAction\":[{\"@type\":\"ReadAction\",\"target\":[\"https:\/\/loveforlife.eco\/de\/presse\/\"]}]},{\"@type\":\"BreadcrumbList\",\"@id\":\"https:\/\/loveforlife.eco\/de\/presse\/#breadcrumb\",\"itemListElement\":[{\"@type\":\"ListItem\",\"position\":1,\"name\":\"Home\",\"item\":\"https:\/\/loveforlife.eco\/de\/\"},{\"@type\":\"ListItem\",\"position\":2,\"name\":\"Presse\"}]},{\"@type\":\"WebSite\",\"@id\":\"https:\/\/loveforlife.eco\/#website\",\"url\":\"https:\/\/loveforlife.eco\/\",\"name\":\"Love For Life\",\"description\":\"\",\"potentialAction\":[{\"@type\":\"SearchAction\",\"target\":{\"@type\":\"EntryPoint\",\"urlTemplate\":\"https:\/\/loveforlife.eco\/?s={search_term_string}\"},\"query-input\":{\"@type\":\"PropertyValueSpecification\",\"valueRequired\":true,\"valueName\":\"search_term_string\"}}],\"inLanguage\":\"de-DE\"}]}<\/script>\n<!-- \/ Yoast SEO plugin. -->","yoast_head_json":{"title":"Presse - Love For Life","description":"F\u00fcr Presseanfragen wende dich bitte an Love For Life, um unsere Botschaft zu verbreiten und unsere Mission Menschen zu erm\u00e4chtigen und die Natur zu sch\u00fctzen zu teilen.","robots":{"index":"index","follow":"follow","max-snippet":"max-snippet:-1","max-image-preview":"max-image-preview:large","max-video-preview":"max-video-preview:-1"},"canonical":"https:\/\/loveforlife.eco\/de\/presse\/","og_locale":"de_DE","og_type":"article","og_title":"Presse - Love For Life","og_description":"F\u00fcr Presseanfragen wende dich bitte an Love For Life, um unsere Botschaft zu verbreiten und unsere Mission Menschen zu erm\u00e4chtigen und die Natur zu sch\u00fctzen zu teilen.","og_url":"https:\/\/loveforlife.eco\/de\/presse\/","og_site_name":"Love For Life","article_modified_time":"2025-08-26T10:43:13+00:00","twitter_card":"summary_large_image","twitter_misc":{"Est. reading time":"1 minute"},"schema":{"@context":"https:\/\/schema.org","@graph":[{"@type":"WebPage","@id":"https:\/\/loveforlife.eco\/de\/presse\/","url":"https:\/\/loveforlife.eco\/de\/presse\/","name":"Presse - Love For Life","isPartOf":{"@id":"https:\/\/loveforlife.eco\/#website"},"datePublished":"2024-05-05T13:04:45+00:00","dateModified":"2025-08-26T10:43:13+00:00","description":"F\u00fcr Presseanfragen wende dich bitte an Love For Life, um unsere Botschaft zu verbreiten und unsere Mission Menschen zu erm\u00e4chtigen und die Natur zu sch\u00fctzen zu teilen.","breadcrumb":{"@id":"https:\/\/loveforlife.eco\/de\/presse\/#breadcrumb"},"inLanguage":"de-DE","potentialAction":[{"@type":"ReadAction","target":["https:\/\/loveforlife.eco\/de\/presse\/"]}]},{"@type":"BreadcrumbList","@id":"https:\/\/loveforlife.eco\/de\/presse\/#breadcrumb","itemListElement":[{"@type":"ListItem","position":1,"name":"Home","item":"https:\/\/loveforlife.eco\/de\/"},{"@type":"ListItem","position":2,"name":"Presse"}]},{"@type":"WebSite","@id":"https:\/\/loveforlife.eco\/#website","url":"https:\/\/loveforlife.eco\/","name":"Love For Life","description":"","potentialAction":[{"@type":"SearchAction","target":{"@type":"EntryPoint","urlTemplate":"https:\/\/loveforlife.eco\/?s={search_term_string}"},"query-input":{"@type":"PropertyValueSpecification","valueRequired":true,"valueName":"search_term_string"}}],"inLanguage":"de-DE"}]}},"_links":{"self":[{"href":"https:\/\/loveforlife.eco\/de\/wp-json\/wp\/v2\/pages\/5155","targetHints":{"allow":["GET"]}}],"collection":[{"href":"https:\/\/loveforlife.eco\/de\/wp-json\/wp\/v2\/pages"}],"about":[{"href":"https:\/\/loveforlife.eco\/de\/wp-json\/wp\/v2\/types\/page"}],"author":[{"embeddable":true,"href":"https:\/\/loveforlife.eco\/de\/wp-json\/wp\/v2\/users\/1"}],"replies":[{"embeddable":true,"href":"https:\/\/loveforlife.eco\/de\/wp-json\/wp\/v2\/comments?post=5155"}],"version-history":[{"count":6,"href":"https:\/\/loveforlife.eco\/de\/wp-json\/wp\/v2\/pages\/5155\/revisions"}],"predecessor-version":[{"id":5704,"href":"https:\/\/loveforlife.eco\/de\/wp-json\/wp\/v2\/pages\/5155\/revisions\/5704"}],"wp:attachment":[{"href":"https:\/\/loveforlife.eco\/de\/wp-json\/wp\/v2\/media?parent=5155"}],"curies":[{"name":"wp","href":"https:\/\/api.w.org\/{rel}","templated":true}]}}