{"id":5169,"date":"2024-08-05T08:16:21","date_gmt":"2024-08-05T08:16:21","guid":{"rendered":"https:\/\/loveforlife.eco\/regenerative-landwirtschaft-ernaehrungssouveraenitaet\/why\/"},"modified":"2024-11-20T20:05:57","modified_gmt":"2024-11-20T20:05:57","slug":"warum","status":"publish","type":"page","link":"https:\/\/loveforlife.eco\/de\/regenerative-landwirtschaft-ernaehrungssouveraenitaet\/warum\/","title":{"rendered":"Warum Regenerative Landwirtschaft &#038; Ern\u00e4hrungssouver\u00e4nit\u00e4t"},"content":{"rendered":"","protected":false},"excerpt":{"rendered":"","protected":false},"author":4,"featured_media":4752,"parent":5165,"menu_order":0,"comment_status":"closed","ping_status":"closed","template":"tp-master.php","meta":{"_acf_changed":false,"footnotes":""},"class_list":["post-5169","page","type-page","status-publish","has-post-thumbnail","hentry"],"acf":[],"yoast_head":"<!-- This site is optimized with the Yoast SEO plugin v27.5 - https:\/\/yoast.com\/product\/yoast-seo-wordpress\/ -->\n<title>Warum Regenerative Landwirtschaft &amp; Ern\u00e4hrungssouver\u00e4nit\u00e4t - Love For Life<\/title>\n<meta name=\"description\" content=\"Regenerative Landwirtschaft ist mehr als eine \u00c4nderung der Anbaumethoden. Sie ist ein Paradigmenwechsel in unserer grundlegenden Beziehung zur Erde.\" \/>\n<meta name=\"robots\" content=\"index, follow, max-snippet:-1, max-image-preview:large, max-video-preview:-1\" \/>\n<link rel=\"canonical\" href=\"https:\/\/loveforlife.eco\/de\/regenerative-landwirtschaft-ernaehrungssouveraenitaet\/warum\/\" \/>\n<meta property=\"og:locale\" content=\"de_DE\" \/>\n<meta property=\"og:type\" content=\"article\" \/>\n<meta property=\"og:title\" content=\"Warum Regenerative Landwirtschaft &amp; Ern\u00e4hrungssouver\u00e4nit\u00e4t - Love For Life\" \/>\n<meta property=\"og:description\" content=\"Regenerative Landwirtschaft ist mehr als eine \u00c4nderung der Anbaumethoden. Sie ist ein Paradigmenwechsel in unserer grundlegenden Beziehung zur Erde.\" \/>\n<meta property=\"og:url\" content=\"https:\/\/loveforlife.eco\/de\/regenerative-landwirtschaft-ernaehrungssouveraenitaet\/warum\/\" \/>\n<meta property=\"og:site_name\" content=\"Love For Life\" \/>\n<meta property=\"article:modified_time\" content=\"2024-11-20T20:05:57+00:00\" \/>\n<meta property=\"og:image\" content=\"https:\/\/loveforlife.eco\/app\/uploads\/2024\/08\/02.jpg\" \/>\n\t<meta property=\"og:image:width\" content=\"1040\" \/>\n\t<meta property=\"og:image:height\" content=\"780\" \/>\n\t<meta property=\"og:image:type\" content=\"image\/jpeg\" \/>\n<meta name=\"twitter:card\" content=\"summary_large_image\" \/>\n<meta name=\"twitter:label1\" content=\"Est. reading time\" \/>\n\t<meta name=\"twitter:data1\" content=\"4 minutes\" \/>\n<script type=\"application\/ld+json\" class=\"yoast-schema-graph\">{\"@context\":\"https:\\\/\\\/schema.org\",\"@graph\":[{\"@type\":\"WebPage\",\"@id\":\"https:\\\/\\\/loveforlife.eco\\\/de\\\/regenerative-landwirtschaft-ernaehrungssouveraenitaet\\\/warum\\\/\",\"url\":\"https:\\\/\\\/loveforlife.eco\\\/de\\\/regenerative-landwirtschaft-ernaehrungssouveraenitaet\\\/warum\\\/\",\"name\":\"Warum Regenerative Landwirtschaft & Ern\u00e4hrungssouver\u00e4nit\u00e4t - Love For Life\",\"isPartOf\":{\"@id\":\"https:\\\/\\\/loveforlife.eco\\\/#website\"},\"primaryImageOfPage\":{\"@id\":\"https:\\\/\\\/loveforlife.eco\\\/de\\\/regenerative-landwirtschaft-ernaehrungssouveraenitaet\\\/warum\\\/#primaryimage\"},\"image\":{\"@id\":\"https:\\\/\\\/loveforlife.eco\\\/de\\\/regenerative-landwirtschaft-ernaehrungssouveraenitaet\\\/warum\\\/#primaryimage\"},\"thumbnailUrl\":\"https:\\\/\\\/loveforlife.eco\\\/app\\\/uploads\\\/2024\\\/08\\\/02.jpg\",\"datePublished\":\"2024-08-05T08:16:21+00:00\",\"dateModified\":\"2024-11-20T20:05:57+00:00\",\"description\":\"Regenerative Landwirtschaft ist mehr als eine \u00c4nderung der Anbaumethoden. Sie ist ein Paradigmenwechsel in unserer grundlegenden Beziehung zur Erde.\",\"breadcrumb\":{\"@id\":\"https:\\\/\\\/loveforlife.eco\\\/de\\\/regenerative-landwirtschaft-ernaehrungssouveraenitaet\\\/warum\\\/#breadcrumb\"},\"inLanguage\":\"de-DE\",\"potentialAction\":[{\"@type\":\"ReadAction\",\"target\":[\"https:\\\/\\\/loveforlife.eco\\\/de\\\/regenerative-landwirtschaft-ernaehrungssouveraenitaet\\\/warum\\\/\"]}]},{\"@type\":\"ImageObject\",\"inLanguage\":\"de-DE\",\"@id\":\"https:\\\/\\\/loveforlife.eco\\\/de\\\/regenerative-landwirtschaft-ernaehrungssouveraenitaet\\\/warum\\\/#primaryimage\",\"url\":\"https:\\\/\\\/loveforlife.eco\\\/app\\\/uploads\\\/2024\\\/08\\\/02.jpg\",\"contentUrl\":\"https:\\\/\\\/loveforlife.eco\\\/app\\\/uploads\\\/2024\\\/08\\\/02.jpg\",\"width\":1040,\"height\":780},{\"@type\":\"BreadcrumbList\",\"@id\":\"https:\\\/\\\/loveforlife.eco\\\/de\\\/regenerative-landwirtschaft-ernaehrungssouveraenitaet\\\/warum\\\/#breadcrumb\",\"itemListElement\":[{\"@type\":\"ListItem\",\"position\":1,\"name\":\"Home\",\"item\":\"https:\\\/\\\/loveforlife.eco\\\/de\\\/\"},{\"@type\":\"ListItem\",\"position\":2,\"name\":\"Regenerative Landwirtschaft &#038; Ern\u00e4hrungssouver\u00e4nit\u00e4t\",\"item\":\"https:\\\/\\\/loveforlife.eco\\\/de\\\/regenerative-landwirtschaft-ernaehrungssouveraenitaet\\\/\"},{\"@type\":\"ListItem\",\"position\":3,\"name\":\"Warum Regenerative Landwirtschaft &#038; Ern\u00e4hrungssouver\u00e4nit\u00e4t\"}]},{\"@type\":\"WebSite\",\"@id\":\"https:\\\/\\\/loveforlife.eco\\\/#website\",\"url\":\"https:\\\/\\\/loveforlife.eco\\\/\",\"name\":\"Love For Life\",\"description\":\"\",\"potentialAction\":[{\"@type\":\"SearchAction\",\"target\":{\"@type\":\"EntryPoint\",\"urlTemplate\":\"https:\\\/\\\/loveforlife.eco\\\/?s={search_term_string}\"},\"query-input\":{\"@type\":\"PropertyValueSpecification\",\"valueRequired\":true,\"valueName\":\"search_term_string\"}}],\"inLanguage\":\"de-DE\"}]}<\/script>\n<!-- \/ Yoast SEO plugin. -->","yoast_head_json":{"title":"Warum Regenerative Landwirtschaft & Ern\u00e4hrungssouver\u00e4nit\u00e4t - Love For Life","description":"Regenerative Landwirtschaft ist mehr als eine \u00c4nderung der Anbaumethoden. Sie ist ein Paradigmenwechsel in unserer grundlegenden Beziehung zur Erde.","robots":{"index":"index","follow":"follow","max-snippet":"max-snippet:-1","max-image-preview":"max-image-preview:large","max-video-preview":"max-video-preview:-1"},"canonical":"https:\/\/loveforlife.eco\/de\/regenerative-landwirtschaft-ernaehrungssouveraenitaet\/warum\/","og_locale":"de_DE","og_type":"article","og_title":"Warum Regenerative Landwirtschaft & Ern\u00e4hrungssouver\u00e4nit\u00e4t - Love For Life","og_description":"Regenerative Landwirtschaft ist mehr als eine \u00c4nderung der Anbaumethoden. Sie ist ein Paradigmenwechsel in unserer grundlegenden Beziehung zur Erde.","og_url":"https:\/\/loveforlife.eco\/de\/regenerative-landwirtschaft-ernaehrungssouveraenitaet\/warum\/","og_site_name":"Love For Life","article_modified_time":"2024-11-20T20:05:57+00:00","og_image":[{"width":1040,"height":780,"url":"https:\/\/loveforlife.eco\/app\/uploads\/2024\/08\/02.jpg","type":"image\/jpeg"}],"twitter_card":"summary_large_image","twitter_misc":{"Est. reading time":"4 minutes"},"schema":{"@context":"https:\/\/schema.org","@graph":[{"@type":"WebPage","@id":"https:\/\/loveforlife.eco\/de\/regenerative-landwirtschaft-ernaehrungssouveraenitaet\/warum\/","url":"https:\/\/loveforlife.eco\/de\/regenerative-landwirtschaft-ernaehrungssouveraenitaet\/warum\/","name":"Warum Regenerative Landwirtschaft & Ern\u00e4hrungssouver\u00e4nit\u00e4t - Love For Life","isPartOf":{"@id":"https:\/\/loveforlife.eco\/#website"},"primaryImageOfPage":{"@id":"https:\/\/loveforlife.eco\/de\/regenerative-landwirtschaft-ernaehrungssouveraenitaet\/warum\/#primaryimage"},"image":{"@id":"https:\/\/loveforlife.eco\/de\/regenerative-landwirtschaft-ernaehrungssouveraenitaet\/warum\/#primaryimage"},"thumbnailUrl":"https:\/\/loveforlife.eco\/app\/uploads\/2024\/08\/02.jpg","datePublished":"2024-08-05T08:16:21+00:00","dateModified":"2024-11-20T20:05:57+00:00","description":"Regenerative Landwirtschaft ist mehr als eine \u00c4nderung der Anbaumethoden. Sie ist ein Paradigmenwechsel in unserer grundlegenden Beziehung zur Erde.","breadcrumb":{"@id":"https:\/\/loveforlife.eco\/de\/regenerative-landwirtschaft-ernaehrungssouveraenitaet\/warum\/#breadcrumb"},"inLanguage":"de-DE","potentialAction":[{"@type":"ReadAction","target":["https:\/\/loveforlife.eco\/de\/regenerative-landwirtschaft-ernaehrungssouveraenitaet\/warum\/"]}]},{"@type":"ImageObject","inLanguage":"de-DE","@id":"https:\/\/loveforlife.eco\/de\/regenerative-landwirtschaft-ernaehrungssouveraenitaet\/warum\/#primaryimage","url":"https:\/\/loveforlife.eco\/app\/uploads\/2024\/08\/02.jpg","contentUrl":"https:\/\/loveforlife.eco\/app\/uploads\/2024\/08\/02.jpg","width":1040,"height":780},{"@type":"BreadcrumbList","@id":"https:\/\/loveforlife.eco\/de\/regenerative-landwirtschaft-ernaehrungssouveraenitaet\/warum\/#breadcrumb","itemListElement":[{"@type":"ListItem","position":1,"name":"Home","item":"https:\/\/loveforlife.eco\/de\/"},{"@type":"ListItem","position":2,"name":"Regenerative Landwirtschaft &#038; Ern\u00e4hrungssouver\u00e4nit\u00e4t","item":"https:\/\/loveforlife.eco\/de\/regenerative-landwirtschaft-ernaehrungssouveraenitaet\/"},{"@type":"ListItem","position":3,"name":"Warum Regenerative Landwirtschaft &#038; Ern\u00e4hrungssouver\u00e4nit\u00e4t"}]},{"@type":"WebSite","@id":"https:\/\/loveforlife.eco\/#website","url":"https:\/\/loveforlife.eco\/","name":"Love For Life","description":"","potentialAction":[{"@type":"SearchAction","target":{"@type":"EntryPoint","urlTemplate":"https:\/\/loveforlife.eco\/?s={search_term_string}"},"query-input":{"@type":"PropertyValueSpecification","valueRequired":true,"valueName":"search_term_string"}}],"inLanguage":"de-DE"}]}},"_links":{"self":[{"href":"https:\/\/loveforlife.eco\/de\/wp-json\/wp\/v2\/pages\/5169","targetHints":{"allow":["GET"]}}],"collection":[{"href":"https:\/\/loveforlife.eco\/de\/wp-json\/wp\/v2\/pages"}],"about":[{"href":"https:\/\/loveforlife.eco\/de\/wp-json\/wp\/v2\/types\/page"}],"author":[{"embeddable":true,"href":"https:\/\/loveforlife.eco\/de\/wp-json\/wp\/v2\/users\/4"}],"replies":[{"embeddable":true,"href":"https:\/\/loveforlife.eco\/de\/wp-json\/wp\/v2\/comments?post=5169"}],"version-history":[{"count":5,"href":"https:\/\/loveforlife.eco\/de\/wp-json\/wp\/v2\/pages\/5169\/revisions"}],"predecessor-version":[{"id":5502,"href":"https:\/\/loveforlife.eco\/de\/wp-json\/wp\/v2\/pages\/5169\/revisions\/5502"}],"up":[{"embeddable":true,"href":"https:\/\/loveforlife.eco\/de\/wp-json\/wp\/v2\/pages\/5165"}],"wp:featuredmedia":[{"embeddable":true,"href":"https:\/\/loveforlife.eco\/de\/wp-json\/wp\/v2\/media\/4752"}],"wp:attachment":[{"href":"https:\/\/loveforlife.eco\/de\/wp-json\/wp\/v2\/media?parent=5169"}],"curies":[{"name":"wp","href":"https:\/\/api.w.org\/{rel}","templated":true}]}}