{"id":5182,"date":"2024-08-07T20:45:28","date_gmt":"2024-08-07T20:45:28","guid":{"rendered":"https:\/\/loveforlife.eco\/solarenergie\/system\/"},"modified":"2024-11-20T17:31:37","modified_gmt":"2024-11-20T17:31:37","slug":"system","status":"publish","type":"page","link":"https:\/\/loveforlife.eco\/de\/solarenergie\/system\/","title":{"rendered":"Wie unser Insel-Solarsystem funktioniert"},"content":{"rendered":"","protected":false},"excerpt":{"rendered":"","protected":false},"author":4,"featured_media":3332,"parent":5176,"menu_order":0,"comment_status":"closed","ping_status":"closed","template":"tp-master.php","meta":{"_acf_changed":false,"footnotes":""},"class_list":["post-5182","page","type-page","status-publish","has-post-thumbnail","hentry"],"acf":[],"yoast_head":"<!-- This site is optimized with the Yoast SEO plugin v27.2 - https:\/\/yoast.com\/product\/yoast-seo-wordpress\/ -->\n<title>Solar-System - Love For Life<\/title>\n<meta name=\"description\" content=\"Innovative und intelligente Technologie f\u00fcr Energiesouver\u00e4nit\u00e4t. Erfahre, wie unsere netzunabh\u00e4ngigen Solar Home Systeme im Regenwald funktionieren.\" \/>\n<meta name=\"robots\" content=\"index, follow, max-snippet:-1, max-image-preview:large, max-video-preview:-1\" \/>\n<link rel=\"canonical\" href=\"https:\/\/loveforlife.eco\/de\/solarenergie\/system\/\" \/>\n<meta property=\"og:locale\" content=\"de_DE\" \/>\n<meta property=\"og:type\" content=\"article\" \/>\n<meta property=\"og:title\" content=\"Solar-System - Love For Life\" \/>\n<meta property=\"og:description\" content=\"Innovative und intelligente Technologie f\u00fcr Energiesouver\u00e4nit\u00e4t. Erfahre, wie unsere netzunabh\u00e4ngigen Solar Home Systeme im Regenwald funktionieren.\" \/>\n<meta property=\"og:url\" content=\"https:\/\/loveforlife.eco\/de\/solarenergie\/system\/\" \/>\n<meta property=\"og:site_name\" content=\"Love For Life\" \/>\n<meta property=\"article:modified_time\" content=\"2024-11-20T17:31:37+00:00\" \/>\n<meta property=\"og:image\" content=\"https:\/\/loveforlife.eco\/app\/uploads\/2024\/08\/MG_4020_2.jpg\" \/>\n\t<meta property=\"og:image:width\" content=\"2500\" \/>\n\t<meta property=\"og:image:height\" content=\"1667\" \/>\n\t<meta property=\"og:image:type\" content=\"image\/jpeg\" \/>\n<meta name=\"twitter:card\" content=\"summary_large_image\" \/>\n<meta name=\"twitter:label1\" content=\"Est. reading time\" \/>\n\t<meta name=\"twitter:data1\" content=\"3 minutes\" \/>\n<script type=\"application\/ld+json\" class=\"yoast-schema-graph\">{\"@context\":\"https:\/\/schema.org\",\"@graph\":[{\"@type\":\"WebPage\",\"@id\":\"https:\/\/loveforlife.eco\/de\/solarenergie\/system\/\",\"url\":\"https:\/\/loveforlife.eco\/de\/solarenergie\/system\/\",\"name\":\"Solar-System - Love For Life\",\"isPartOf\":{\"@id\":\"https:\/\/loveforlife.eco\/#website\"},\"primaryImageOfPage\":{\"@id\":\"https:\/\/loveforlife.eco\/de\/solarenergie\/system\/#primaryimage\"},\"image\":{\"@id\":\"https:\/\/loveforlife.eco\/de\/solarenergie\/system\/#primaryimage\"},\"thumbnailUrl\":\"https:\/\/loveforlife.eco\/app\/uploads\/2024\/08\/MG_4020_2.jpg\",\"datePublished\":\"2024-08-07T20:45:28+00:00\",\"dateModified\":\"2024-11-20T17:31:37+00:00\",\"description\":\"Innovative und intelligente Technologie f\u00fcr Energiesouver\u00e4nit\u00e4t. Erfahre, wie unsere netzunabh\u00e4ngigen Solar Home Systeme im Regenwald funktionieren.\",\"breadcrumb\":{\"@id\":\"https:\/\/loveforlife.eco\/de\/solarenergie\/system\/#breadcrumb\"},\"inLanguage\":\"de-DE\",\"potentialAction\":[{\"@type\":\"ReadAction\",\"target\":[\"https:\/\/loveforlife.eco\/de\/solarenergie\/system\/\"]}]},{\"@type\":\"ImageObject\",\"inLanguage\":\"de-DE\",\"@id\":\"https:\/\/loveforlife.eco\/de\/solarenergie\/system\/#primaryimage\",\"url\":\"https:\/\/loveforlife.eco\/app\/uploads\/2024\/08\/MG_4020_2.jpg\",\"contentUrl\":\"https:\/\/loveforlife.eco\/app\/uploads\/2024\/08\/MG_4020_2.jpg\",\"width\":2500,\"height\":1667},{\"@type\":\"BreadcrumbList\",\"@id\":\"https:\/\/loveforlife.eco\/de\/solarenergie\/system\/#breadcrumb\",\"itemListElement\":[{\"@type\":\"ListItem\",\"position\":1,\"name\":\"Home\",\"item\":\"https:\/\/loveforlife.eco\/de\/\"},{\"@type\":\"ListItem\",\"position\":2,\"name\":\"Zugang zu Solarenergie\",\"item\":\"https:\/\/loveforlife.eco\/de\/solarenergie\/\"},{\"@type\":\"ListItem\",\"position\":3,\"name\":\"Wie unser Insel-Solarsystem funktioniert\"}]},{\"@type\":\"WebSite\",\"@id\":\"https:\/\/loveforlife.eco\/#website\",\"url\":\"https:\/\/loveforlife.eco\/\",\"name\":\"Love For Life\",\"description\":\"\",\"potentialAction\":[{\"@type\":\"SearchAction\",\"target\":{\"@type\":\"EntryPoint\",\"urlTemplate\":\"https:\/\/loveforlife.eco\/?s={search_term_string}\"},\"query-input\":{\"@type\":\"PropertyValueSpecification\",\"valueRequired\":true,\"valueName\":\"search_term_string\"}}],\"inLanguage\":\"de-DE\"}]}<\/script>\n<!-- \/ Yoast SEO plugin. -->","yoast_head_json":{"title":"Solar-System - Love For Life","description":"Innovative und intelligente Technologie f\u00fcr Energiesouver\u00e4nit\u00e4t. Erfahre, wie unsere netzunabh\u00e4ngigen Solar Home Systeme im Regenwald funktionieren.","robots":{"index":"index","follow":"follow","max-snippet":"max-snippet:-1","max-image-preview":"max-image-preview:large","max-video-preview":"max-video-preview:-1"},"canonical":"https:\/\/loveforlife.eco\/de\/solarenergie\/system\/","og_locale":"de_DE","og_type":"article","og_title":"Solar-System - Love For Life","og_description":"Innovative und intelligente Technologie f\u00fcr Energiesouver\u00e4nit\u00e4t. Erfahre, wie unsere netzunabh\u00e4ngigen Solar Home Systeme im Regenwald funktionieren.","og_url":"https:\/\/loveforlife.eco\/de\/solarenergie\/system\/","og_site_name":"Love For Life","article_modified_time":"2024-11-20T17:31:37+00:00","og_image":[{"width":2500,"height":1667,"url":"https:\/\/loveforlife.eco\/app\/uploads\/2024\/08\/MG_4020_2.jpg","type":"image\/jpeg"}],"twitter_card":"summary_large_image","twitter_misc":{"Est. reading time":"3 minutes"},"schema":{"@context":"https:\/\/schema.org","@graph":[{"@type":"WebPage","@id":"https:\/\/loveforlife.eco\/de\/solarenergie\/system\/","url":"https:\/\/loveforlife.eco\/de\/solarenergie\/system\/","name":"Solar-System - Love For Life","isPartOf":{"@id":"https:\/\/loveforlife.eco\/#website"},"primaryImageOfPage":{"@id":"https:\/\/loveforlife.eco\/de\/solarenergie\/system\/#primaryimage"},"image":{"@id":"https:\/\/loveforlife.eco\/de\/solarenergie\/system\/#primaryimage"},"thumbnailUrl":"https:\/\/loveforlife.eco\/app\/uploads\/2024\/08\/MG_4020_2.jpg","datePublished":"2024-08-07T20:45:28+00:00","dateModified":"2024-11-20T17:31:37+00:00","description":"Innovative und intelligente Technologie f\u00fcr Energiesouver\u00e4nit\u00e4t. Erfahre, wie unsere netzunabh\u00e4ngigen Solar Home Systeme im Regenwald funktionieren.","breadcrumb":{"@id":"https:\/\/loveforlife.eco\/de\/solarenergie\/system\/#breadcrumb"},"inLanguage":"de-DE","potentialAction":[{"@type":"ReadAction","target":["https:\/\/loveforlife.eco\/de\/solarenergie\/system\/"]}]},{"@type":"ImageObject","inLanguage":"de-DE","@id":"https:\/\/loveforlife.eco\/de\/solarenergie\/system\/#primaryimage","url":"https:\/\/loveforlife.eco\/app\/uploads\/2024\/08\/MG_4020_2.jpg","contentUrl":"https:\/\/loveforlife.eco\/app\/uploads\/2024\/08\/MG_4020_2.jpg","width":2500,"height":1667},{"@type":"BreadcrumbList","@id":"https:\/\/loveforlife.eco\/de\/solarenergie\/system\/#breadcrumb","itemListElement":[{"@type":"ListItem","position":1,"name":"Home","item":"https:\/\/loveforlife.eco\/de\/"},{"@type":"ListItem","position":2,"name":"Zugang zu Solarenergie","item":"https:\/\/loveforlife.eco\/de\/solarenergie\/"},{"@type":"ListItem","position":3,"name":"Wie unser Insel-Solarsystem funktioniert"}]},{"@type":"WebSite","@id":"https:\/\/loveforlife.eco\/#website","url":"https:\/\/loveforlife.eco\/","name":"Love For Life","description":"","potentialAction":[{"@type":"SearchAction","target":{"@type":"EntryPoint","urlTemplate":"https:\/\/loveforlife.eco\/?s={search_term_string}"},"query-input":{"@type":"PropertyValueSpecification","valueRequired":true,"valueName":"search_term_string"}}],"inLanguage":"de-DE"}]}},"_links":{"self":[{"href":"https:\/\/loveforlife.eco\/de\/wp-json\/wp\/v2\/pages\/5182","targetHints":{"allow":["GET"]}}],"collection":[{"href":"https:\/\/loveforlife.eco\/de\/wp-json\/wp\/v2\/pages"}],"about":[{"href":"https:\/\/loveforlife.eco\/de\/wp-json\/wp\/v2\/types\/page"}],"author":[{"embeddable":true,"href":"https:\/\/loveforlife.eco\/de\/wp-json\/wp\/v2\/users\/4"}],"replies":[{"embeddable":true,"href":"https:\/\/loveforlife.eco\/de\/wp-json\/wp\/v2\/comments?post=5182"}],"version-history":[{"count":3,"href":"https:\/\/loveforlife.eco\/de\/wp-json\/wp\/v2\/pages\/5182\/revisions"}],"predecessor-version":[{"id":5489,"href":"https:\/\/loveforlife.eco\/de\/wp-json\/wp\/v2\/pages\/5182\/revisions\/5489"}],"up":[{"embeddable":true,"href":"https:\/\/loveforlife.eco\/de\/wp-json\/wp\/v2\/pages\/5176"}],"wp:featuredmedia":[{"embeddable":true,"href":"https:\/\/loveforlife.eco\/de\/wp-json\/wp\/v2\/media\/3332"}],"wp:attachment":[{"href":"https:\/\/loveforlife.eco\/de\/wp-json\/wp\/v2\/media?parent=5182"}],"curies":[{"name":"wp","href":"https:\/\/api.w.org\/{rel}","templated":true}]}}